{"id":261899,"date":"2022-02-09T10:04:10","date_gmt":"2022-02-09T09:04:10","guid":{"rendered":"https:\/\/tacticowatches.com\/?page_id=261899"},"modified":"2022-08-26T10:39:13","modified_gmt":"2022-08-26T08:39:13","slug":"international-warranty","status":"publish","type":"page","link":"https:\/\/tacticowatches.com\/en\/international-warranty\/","title":{"rendered":"International Warranty"},"content":{"rendered":"<p>[et_pb_section fb_built=&#8221;1&#8243; _builder_version=&#8221;4.17.2&#8243; _module_preset=&#8221;default&#8221; background_color=&#8221;#262626&#8243; custom_padding=&#8221;0px||0px||false|false&#8221; border_width_top=&#8221;1px&#8221; border_color_top=&#8221;#FFFFFF&#8221; global_colors_info=&#8221;{}&#8221;][et_pb_row _builder_version=&#8221;4.16&#8243; _module_preset=&#8221;default&#8221; background_enable_color=&#8221;off&#8221; width=&#8221;100%&#8221; max_width=&#8221;none&#8221; border_width_top=&#8221;2px&#8221; border_color_top=&#8221;#FFFFFF&#8221; global_colors_info=&#8221;{}&#8221;][et_pb_column type=&#8221;4_4&#8243; _builder_version=&#8221;4.16&#8243; _module_preset=&#8221;default&#8221; global_colors_info=&#8221;{}&#8221;][et_pb_blurb title=&#8221;@ET-DC@eyJkeW5hbWljIjp0cnVlLCJjb250ZW50IjoicG9zdF90aXRsZSIsInNldHRpbmdzIjp7ImJlZm9yZSI6IiIsImFmdGVyIjoiIn19@&#8221; content_max_width=&#8221;100%&#8221; admin_label=&#8221;T\u00cdTULO&#8221; _builder_version=&#8221;4.16&#8243; _dynamic_attributes=&#8221;title&#8221; _module_preset=&#8221;default&#8221; header_level=&#8221;h1&#8243; header_font=&#8221;|||on|||||&#8221; header_text_align=&#8221;center&#8221; header_text_color=&#8221;#FFFFFF&#8221; header_font_size=&#8221;42px&#8221; hover_enabled=&#8221;0&#8243; custom_css_blurb_title=&#8221;padding-bottom: 0px;&#8221; global_colors_info=&#8221;{}&#8221; sticky_enabled=&#8221;0&#8243;][\/et_pb_blurb][\/et_pb_column][\/et_pb_row][\/et_pb_section][et_pb_section fb_built=&#8221;1&#8243; _builder_version=&#8221;4.16&#8243; _module_preset=&#8221;default&#8221; custom_padding=&#8221;30px||||false|false&#8221; global_colors_info=&#8221;{}&#8221;][et_pb_row _builder_version=&#8221;4.17.2&#8243; _module_preset=&#8221;default&#8221; custom_padding=&#8221;||||false|false&#8221; global_colors_info=&#8221;{}&#8221;][et_pb_column type=&#8221;4_4&#8243; _builder_version=&#8221;4.16&#8243; _module_preset=&#8221;default&#8221; global_colors_info=&#8221;{}&#8221;][et_pb_text _builder_version=&#8221;4.18.0&#8243; _module_preset=&#8221;default&#8221; text_text_color=&#8221;#8A7D69&#8243; text_font_size=&#8221;18px&#8221; hover_enabled=&#8221;0&#8243; text_font_size_tablet=&#8221;16px&#8221; text_font_size_phone=&#8221;16px&#8221; text_font_size_last_edited=&#8221;on|desktop&#8221; custom_css_main_element=&#8221;line-height: 1.5em;&#8221; locked=&#8221;off&#8221; global_colors_info=&#8221;{}&#8221; sticky_enabled=&#8221;0&#8243;]<\/p>\n<p>Your TACTICO watch is warranted by COMPA\u00d1\u00cdA RELOJERA ESPECIALIZADA PARA ACTIVIDADES SUBACU\u00c1TICAS SL for a period of twenty-four (24) months from the date of purchase under the terms and conditions of this warranty.<br \/>The international CREPAS warranty covers material and manufacturing defects existing at the time of delivery of the purchased TACTICO watch (\u201cdefects\u201d). The warranty only comes into force if the warranty certificate is dated, fully and correctly completed.<\/p>\n<p>[\/et_pb_text][\/et_pb_column][\/et_pb_row][et_pb_row _builder_version=&#8221;4.16&#8243; _module_preset=&#8221;default&#8221; custom_padding=&#8221;0px||0px||false|false&#8221; global_colors_info=&#8221;{}&#8221;][et_pb_column type=&#8221;4_4&#8243; _builder_version=&#8221;4.16&#8243; _module_preset=&#8221;default&#8221; global_colors_info=&#8221;{}&#8221;][et_pb_text _builder_version=&#8221;4.17.2&#8243; _module_preset=&#8221;default&#8221; text_font_size=&#8221;16px&#8221; custom_margin=&#8221;||1%||false|false&#8221; text_font_size_tablet=&#8221;16px&#8221; text_font_size_phone=&#8221;14px&#8221; text_font_size_last_edited=&#8221;on|desktop&#8221; custom_css_main_element=&#8221;line-height: 1.7em;&#8221; global_colors_info=&#8221;{}&#8221;]<\/p>\n<p><strong>During the warranty period and by presenting the valid warranty certificate, you will have the right to have any defect serviced free of charge.<\/strong> In the event that the service is unable to restore the normal conditions of use of your TACTICO watch, Compa\u00f1\u00eda Relojera Especializada Para Actividades Subacu\u00e1ticas SL guarantees its replacement by a TACTICO watch of identical or similar characteristics. The warranty for the replacement watch ends twenty-four (24) months after the invoice date of the replaced watch.<\/p>\n<p>[\/et_pb_text][et_pb_text _builder_version=&#8221;4.16&#8243; _module_preset=&#8221;default&#8221; text_font_size=&#8221;16px&#8221; custom_margin=&#8221;||1%||false|false&#8221; text_font_size_tablet=&#8221;16px&#8221; text_font_size_phone=&#8221;14px&#8221; text_font_size_last_edited=&#8221;on|desktop&#8221; custom_css_main_element=&#8221;line-height: 1.7em;&#8221; global_colors_info=&#8221;{}&#8221;]<\/p>\n<p><strong>This manufacturer\u2019s warranty does not cover:<\/strong><\/p>\n<ul>\n<li>Non-metallic straps and chains (e.g. leather, textile, rubber).<\/li>\n<li>Normal wear and tear and aging (e.g. scratched crystal; alteration of the colour and\/or material).<\/li>\n<li>Any damage on any part of the watch resulting from abnormal\/abusive use, lack of care, negligence, accidents (knocks, dents, crushing, broken crystal, etc.), incorrect use of the watch and non-observance of the use directions provided by Compa\u00f1\u00eda Relojera Especializada Para Actividades Subacu\u00e1ticas SL.<\/li>\n<li>Indirect or consequential damages of any kind resulting from e.g. the use, the non-functioning, the defects or the inaccuracy of the TACTICO watch.<\/li>\n<li>TACTICO watches handled by non-authorized persons (e.g services or repairs) or which has been altered in its original condition beyond Compa\u00f1\u00eda Relojera Especializada Para Actividades Subacu\u00e1ticas SL control.<\/li>\n<\/ul>\n<p>[\/et_pb_text][et_pb_text _builder_version=&#8221;4.18.0&#8243; _module_preset=&#8221;default&#8221; text_font_size=&#8221;16px&#8221; custom_margin=&#8221;||1%||false|false&#8221; hover_enabled=&#8221;0&#8243; text_font_size_tablet=&#8221;16px&#8221; text_font_size_phone=&#8221;14px&#8221; text_font_size_last_edited=&#8221;on|desktop&#8221; custom_css_main_element=&#8221;line-height: 1.7em;&#8221; global_colors_info=&#8221;{}&#8221; sticky_enabled=&#8221;0&#8243;]<\/p>\n<p>Any further claim against Compa\u00f1\u00eda Relojera Especializada Para Actividades Subacu\u00e1ticas SL. e.g. for damages additional to the above described warranty is expressly excluded, except mandatory statutory rights the purchaser may have against the manufacturer.<\/p>\n<p>The Compa\u00f1\u00eda Relojera Especializada Para Actividades Subacu\u00e1ticas SL.\u2019s customer service ensures the perfect maintenance of your TACTICO watch. If your watch needs attention, rely an authorized CREPAS Service Center: they can guarantee service according to TACTICO\u2019s standards.<\/p>\n<p>[\/et_pb_text][\/et_pb_column][\/et_pb_row][\/et_pb_section]<\/p>\n","protected":false},"excerpt":{"rendered":"<p>Your TACTICO watch is warranted by COMPA\u00d1\u00cdA RELOJERA ESPECIALIZADA PARA ACTIVIDADES SUBACU\u00c1TICAS SL for a period of twenty-four (24) months from the date of purchase under the terms and conditions of this warranty.The international CREPAS warranty covers material and manufacturing defects existing at the time of delivery of the purchased TACTICO watch (\u201cdefects\u201d). The warranty [&hellip;]<\/p>\n","protected":false},"author":1,"featured_media":0,"parent":0,"menu_order":0,"comment_status":"closed","ping_status":"closed","template":"","meta":{"_et_pb_use_builder":"on","_et_pb_old_content":"<p>[et_pb_section fb_built=\"1\" _builder_version=\"4.14.7\" _module_preset=\"default\" background_color=\"#253746\" custom_padding=\"0px||0px||false|false\" border_width_top=\"1px\" border_color_top=\"#FFFFFF\" global_colors_info=\"{}\"][et_pb_row _builder_version=\"4.9.7\" _module_preset=\"default\" background_enable_color=\"off\" width=\"100%\" max_width=\"none\" border_width_top=\"2px\" border_color_top=\"#FFFFFF\" global_colors_info=\"{}\"][et_pb_column type=\"4_4\" _builder_version=\"4.9.4\" _module_preset=\"default\" global_colors_info=\"{}\"][et_pb_blurb title=\"@ET-DC@eyJkeW5hbWljIjp0cnVlLCJjb250ZW50IjoicG9zdF90aXRsZSIsInNldHRpbmdzIjp7ImJlZm9yZSI6IiIsImFmdGVyIjoiIn19@\" admin_label=\"T\u00cdTULO\" _builder_version=\"4.14.7\" _dynamic_attributes=\"title\" _module_preset=\"default\" header_level=\"h1\" header_font=\"|||on|||||\" header_text_align=\"center\" header_text_color=\"#FFFFFF\" header_font_size=\"42px\" custom_css_blurb_title=\"padding-bottom: 0px;\" global_colors_info=\"{}\"][\/et_pb_blurb][\/et_pb_column][\/et_pb_row][\/et_pb_section][et_pb_section fb_built=\"1\" _builder_version=\"4.9.4\" _module_preset=\"default\" custom_padding=\"30px||||false|false\" global_colors_info=\"{}\"][et_pb_row _builder_version=\"4.9.4\" _module_preset=\"default\" custom_padding=\"||0px||false|false\" global_colors_info=\"{}\"][et_pb_column type=\"4_4\" _builder_version=\"4.9.4\" _module_preset=\"default\" global_colors_info=\"{}\"][et_pb_text admin_label=\"SUBT\u00cdTULO\" _builder_version=\"4.14.7\" _module_preset=\"default\" header_2_text_align=\"justify\" header_2_text_color=\"#253746\" header_2_font_size=\"22px\" header_2_line_height=\"1.5em\" header_2_font_size_tablet=\"18px\" header_2_font_size_phone=\"18px\" header_2_font_size_last_edited=\"on|desktop\" global_colors_info=\"{}\"]<\/p><h2>Su reloj CREPAS est\u00e1 garantizado por Compa\u00f1\u00eda Relojera Especializada Para Actividades Subacu\u00e1ticas SL durante un periodo de treinta y seis (36) meses desde la fecha de compra en los t\u00e9rminos y condiciones de esta garant\u00eda. La garant\u00eda internacional CREPAS cubre los defectos de material y de fabricaci\u00f3n existentes en el momento de la entrega del reloj CREPAS adquirido (\u201cdefectos\u201d). La garant\u00eda s\u00f3lo entrar\u00e1 en vigor si el certificado de garant\u00eda se encuentra fechado, correcta y completamente cumplimentado y sellado por CREPAS (\u201ccertificado de garant\u00eda v\u00e1lido\u201d).<\/h2><p>[\/et_pb_text][\/et_pb_column][\/et_pb_row][et_pb_row _builder_version=\"4.14.7\" _module_preset=\"default\" custom_padding=\"0px||0px||false|false\" global_colors_info=\"{}\"][et_pb_column type=\"4_4\" _builder_version=\"4.9.4\" _module_preset=\"default\" global_colors_info=\"{}\"][et_pb_text _builder_version=\"4.14.7\" _module_preset=\"default\" text_font_size=\"16px\" custom_margin=\"||1%||false|false\" hover_enabled=\"0\" custom_css_main_element=\"line-height: 1.7em;\" global_colors_info=\"{}\" text_font_size_last_edited=\"on|desktop\" sticky_enabled=\"0\" text_font_size_phone=\"14px\" text_font_size_tablet=\"16px\"]<\/p><p><strong>Durante el periodo de vigencia de la garant\u00eda, y previa presentaci\u00f3n del certificado de garant\u00eda v\u00e1lido, Ud. tendr\u00e1 derecho a la reparaci\u00f3n totalmente gratuita de cualquier defecto.<\/strong> En el caso de que tal reparaci\u00f3n sea inadecuada para devolver las normales condiciones de uso a su reloj HAMILTON, Ud. podr\u00e1 optar entre la sustituci\u00f3n de su reloj HAMILTON por otro de iguales o similares caracter\u00edsticas o la devoluci\u00f3n del precio pagado. La garant\u00eda del reloj sustituyente caduca a los treinta y seis (36) meses de la fecha de adquisici\u00f3n del reloj sustituido.<\/p><p>[\/et_pb_text][et_pb_text _builder_version=\"4.14.7\" _module_preset=\"default\" text_font_size=\"16px\" custom_margin=\"||1%||false|false\" hover_enabled=\"0\" custom_css_main_element=\"line-height: 1.7em;\" global_colors_info=\"{}\" text_font_size_last_edited=\"on|desktop\" sticky_enabled=\"0\" text_font_size_phone=\"14px\" text_font_size_tablet=\"16px\"]<\/p><p><strong>Esta garant\u00eda del fabricante no incluye:<\/strong><\/p><ul><li>Desviaci\u00f3n de la marcha del calibre m\u00e1s all\u00e1 de lo estipulado por el fabricante del mismo, usando su (del fabricante) t\u00e9cnica para realizar la medici\u00f3n.<\/li><li>Desgaste normal y envejecimiento (por ejemplo, cristal ara\u00f1ado; alteraci\u00f3n del color y\/o del material en las correas y cadenas no met\u00e1licas, tales como piel, tela, caucho...).<\/li><li>Cualquier da\u00f1o en cualquier pieza del reloj derivado del uso anormal\/abusivo, falta de cuidado, negligencia, accidentes (golpes, mellas, aplastamiento, cristales rotos, etc.), uso incorrecto del reloj y falta de observancia de las indicaciones de uso facilitadas por CREPAS SL.<\/li><li>Los defectos causados por contacto con \u00e1cidos corrosivos u otros productos.<\/li><li>El reloj CREPAS manipulado por personal no autorizado (por ejemplo para el cambio de esfera, agujas, servicios y reparaciones), o que haya sufrido alteraciones en sus condiciones originales fuera del control de CREPAS SL.<\/li><\/ul><p>[\/et_pb_text][et_pb_text _builder_version=\"4.14.7\" _module_preset=\"default\" text_font_size=\"16px\" custom_margin=\"||1%||false|false\" hover_enabled=\"0\" custom_css_main_element=\"line-height: 1.7em;\" global_colors_info=\"{}\" text_font_size_last_edited=\"on|desktop\" sticky_enabled=\"0\" text_font_size_phone=\"14px\" text_font_size_tablet=\"16px\"]<\/p><p><strong>Queda excluida cualquier otra reclamaci\u00f3n contra CREPAS SL. adicional a la garant\u00eda de defectos aqu\u00ed descrita<\/strong>, a excepci\u00f3n de los derechos que el comprador pueda ostentar frente al fabricante con arreglo a la legislaci\u00f3n nacional aplicable.<br \/>CREPAS SL recomienda un mantenimiento regular en los centros de servicio CREPAS WATCHES autorizados para mantener su reloj CREPAS en perfectas condiciones.<\/p><p>[\/et_pb_text][\/et_pb_column][\/et_pb_row][\/et_pb_section]<\/p>","_et_gb_content_width":""},"yoast_head":"<!-- This site is optimized with the Yoast SEO plugin v21.8.1 - https:\/\/yoast.com\/wordpress\/plugins\/seo\/ -->\n<title>International Warranty - t\u00b7a\u00b7c\u00b7t\u00b7i\u00b7c\u00b7o<\/title>\n<meta name=\"robots\" content=\"index, follow, max-snippet:-1, max-image-preview:large, max-video-preview:-1\" \/>\n<link rel=\"canonical\" href=\"https:\/\/tacticowatches.com\/en\/international-warranty\/\" \/>\n<meta property=\"og:locale\" content=\"en_US\" \/>\n<meta property=\"og:type\" content=\"article\" \/>\n<meta property=\"og:title\" content=\"International Warranty - t\u00b7a\u00b7c\u00b7t\u00b7i\u00b7c\u00b7o\" \/>\n<meta property=\"og:description\" content=\"Your TACTICO watch is warranted by COMPA\u00d1\u00cdA RELOJERA ESPECIALIZADA PARA ACTIVIDADES SUBACU\u00c1TICAS SL for a period of twenty-four (24) months from the date of purchase under the terms and conditions of this warranty.The international CREPAS warranty covers material and manufacturing defects existing at the time of delivery of the purchased TACTICO watch (\u201cdefects\u201d). The warranty [&hellip;]\" \/>\n<meta property=\"og:url\" content=\"https:\/\/tacticowatches.com\/en\/international-warranty\/\" \/>\n<meta property=\"og:site_name\" content=\"t\u00b7a\u00b7c\u00b7t\u00b7i\u00b7c\u00b7o\" \/>\n<meta property=\"article:modified_time\" content=\"2022-08-26T08:39:13+00:00\" \/>\n<meta name=\"twitter:card\" content=\"summary_large_image\" \/>\n<meta name=\"twitter:label1\" content=\"Est. reading time\" \/>\n\t<meta name=\"twitter:data1\" content=\"3 minutes\" \/>\n<script type=\"application\/ld+json\" class=\"yoast-schema-graph\">{\"@context\":\"https:\/\/schema.org\",\"@graph\":[{\"@type\":\"WebPage\",\"@id\":\"https:\/\/tacticowatches.com\/en\/international-warranty\/\",\"url\":\"https:\/\/tacticowatches.com\/en\/international-warranty\/\",\"name\":\"International Warranty - t\u00b7a\u00b7c\u00b7t\u00b7i\u00b7c\u00b7o\",\"isPartOf\":{\"@id\":\"https:\/\/tacticowatches.com\/en\/#website\"},\"datePublished\":\"2022-02-09T09:04:10+00:00\",\"dateModified\":\"2022-08-26T08:39:13+00:00\",\"breadcrumb\":{\"@id\":\"https:\/\/tacticowatches.com\/en\/international-warranty\/#breadcrumb\"},\"inLanguage\":\"en-US\",\"potentialAction\":[{\"@type\":\"ReadAction\",\"target\":[\"https:\/\/tacticowatches.com\/en\/international-warranty\/\"]}]},{\"@type\":\"BreadcrumbList\",\"@id\":\"https:\/\/tacticowatches.com\/en\/international-warranty\/#breadcrumb\",\"itemListElement\":[{\"@type\":\"ListItem\",\"position\":1,\"name\":\"Portada\",\"item\":\"https:\/\/tacticowatches.com\/en\/home\/\"},{\"@type\":\"ListItem\",\"position\":2,\"name\":\"International Warranty\"}]},{\"@type\":\"WebSite\",\"@id\":\"https:\/\/tacticowatches.com\/en\/#website\",\"url\":\"https:\/\/tacticowatches.com\/en\/\",\"name\":\"t\u00b7a\u00b7c\u00b7t\u00b7i\u00b7c\u00b7o\",\"description\":\"t\u00b7a\u00b7c\u00b7t\u00b7i\u00b7c\u00b7o watches |\u00a0Breaking rules defying boundaries\u2026\",\"potentialAction\":[{\"@type\":\"SearchAction\",\"target\":{\"@type\":\"EntryPoint\",\"urlTemplate\":\"https:\/\/tacticowatches.com\/en\/?s={search_term_string}\"},\"query-input\":\"required name=search_term_string\"}],\"inLanguage\":\"en-US\"}]}<\/script>\n<!-- \/ Yoast SEO plugin. -->","yoast_head_json":{"title":"International Warranty - t\u00b7a\u00b7c\u00b7t\u00b7i\u00b7c\u00b7o","robots":{"index":"index","follow":"follow","max-snippet":"max-snippet:-1","max-image-preview":"max-image-preview:large","max-video-preview":"max-video-preview:-1"},"canonical":"https:\/\/tacticowatches.com\/en\/international-warranty\/","og_locale":"en_US","og_type":"article","og_title":"International Warranty - t\u00b7a\u00b7c\u00b7t\u00b7i\u00b7c\u00b7o","og_description":"Your TACTICO watch is warranted by COMPA\u00d1\u00cdA RELOJERA ESPECIALIZADA PARA ACTIVIDADES SUBACU\u00c1TICAS SL for a period of twenty-four (24) months from the date of purchase under the terms and conditions of this warranty.The international CREPAS warranty covers material and manufacturing defects existing at the time of delivery of the purchased TACTICO watch (\u201cdefects\u201d). The warranty [&hellip;]","og_url":"https:\/\/tacticowatches.com\/en\/international-warranty\/","og_site_name":"t\u00b7a\u00b7c\u00b7t\u00b7i\u00b7c\u00b7o","article_modified_time":"2022-08-26T08:39:13+00:00","twitter_card":"summary_large_image","twitter_misc":{"Est. reading time":"3 minutes"},"schema":{"@context":"https:\/\/schema.org","@graph":[{"@type":"WebPage","@id":"https:\/\/tacticowatches.com\/en\/international-warranty\/","url":"https:\/\/tacticowatches.com\/en\/international-warranty\/","name":"International Warranty - t\u00b7a\u00b7c\u00b7t\u00b7i\u00b7c\u00b7o","isPartOf":{"@id":"https:\/\/tacticowatches.com\/en\/#website"},"datePublished":"2022-02-09T09:04:10+00:00","dateModified":"2022-08-26T08:39:13+00:00","breadcrumb":{"@id":"https:\/\/tacticowatches.com\/en\/international-warranty\/#breadcrumb"},"inLanguage":"en-US","potentialAction":[{"@type":"ReadAction","target":["https:\/\/tacticowatches.com\/en\/international-warranty\/"]}]},{"@type":"BreadcrumbList","@id":"https:\/\/tacticowatches.com\/en\/international-warranty\/#breadcrumb","itemListElement":[{"@type":"ListItem","position":1,"name":"Portada","item":"https:\/\/tacticowatches.com\/en\/home\/"},{"@type":"ListItem","position":2,"name":"International Warranty"}]},{"@type":"WebSite","@id":"https:\/\/tacticowatches.com\/en\/#website","url":"https:\/\/tacticowatches.com\/en\/","name":"t\u00b7a\u00b7c\u00b7t\u00b7i\u00b7c\u00b7o","description":"t\u00b7a\u00b7c\u00b7t\u00b7i\u00b7c\u00b7o watches |\u00a0Breaking rules defying boundaries\u2026","potentialAction":[{"@type":"SearchAction","target":{"@type":"EntryPoint","urlTemplate":"https:\/\/tacticowatches.com\/en\/?s={search_term_string}"},"query-input":"required name=search_term_string"}],"inLanguage":"en-US"}]}},"_links":{"self":[{"href":"https:\/\/tacticowatches.com\/en\/wp-json\/wp\/v2\/pages\/261899"}],"collection":[{"href":"https:\/\/tacticowatches.com\/en\/wp-json\/wp\/v2\/pages"}],"about":[{"href":"https:\/\/tacticowatches.com\/en\/wp-json\/wp\/v2\/types\/page"}],"author":[{"embeddable":true,"href":"https:\/\/tacticowatches.com\/en\/wp-json\/wp\/v2\/users\/1"}],"replies":[{"embeddable":true,"href":"https:\/\/tacticowatches.com\/en\/wp-json\/wp\/v2\/comments?post=261899"}],"version-history":[{"count":16,"href":"https:\/\/tacticowatches.com\/en\/wp-json\/wp\/v2\/pages\/261899\/revisions"}],"predecessor-version":[{"id":263957,"href":"https:\/\/tacticowatches.com\/en\/wp-json\/wp\/v2\/pages\/261899\/revisions\/263957"}],"wp:attachment":[{"href":"https:\/\/tacticowatches.com\/en\/wp-json\/wp\/v2\/media?parent=261899"}],"curies":[{"name":"wp","href":"https:\/\/api.w.org\/{rel}","templated":true}]}}