{"id":261930,"date":"2022-02-09T11:10:07","date_gmt":"2022-02-09T10:10:07","guid":{"rendered":"https:\/\/tacticowatches.com\/?page_id=261930"},"modified":"2022-08-25T19:40:34","modified_gmt":"2022-08-25T17:40:34","slug":"t%c2%b7a%c2%b7c%c2%b7t%c2%b7i%c2%b7c%c2%b7o","status":"publish","type":"page","link":"https:\/\/tacticowatches.com\/en\/t%c2%b7a%c2%b7c%c2%b7t%c2%b7i%c2%b7c%c2%b7o\/","title":{"rendered":"t\u00b7a\u00b7c\u00b7t\u00b7i\u00b7c\u00b7o"},"content":{"rendered":"<p>[et_pb_section fb_built=&#8221;1&#8243; fullwidth=&#8221;on&#8221; admin_label=&#8221;Header B&#8221; _builder_version=&#8221;4.17.4&#8243; background_image=&#8221;https:\/\/tacticowatches.com\/wp-content\/uploads\/cabecera-tactico-scaled.jpg&#8221; collapsed=&#8221;off&#8221; global_colors_info=&#8221;{}&#8221;][et_pb_fullwidth_header title=&#8221; T\u2022A\u2022C\u2022T\u2022I\u2022C\u2022O&#8221; text_orientation=&#8221;center&#8221; button_one_url=&#8221;#&#8221; button_two_url=&#8221;#&#8221; _builder_version=&#8221;4.18.0&#8243; title_font=&#8221;|||on|||||&#8221; title_text_color=&#8221;RGBA(255,255,255,0)&#8221; title_font_size=&#8221;60px&#8221; title_line_height=&#8221;1.3em&#8221; content_font=&#8221;||||||||&#8221; content_font_size=&#8221;16px&#8221; content_line_height=&#8221;2em&#8221; subhead_font=&#8221;Didact Gothic||||||||&#8221; subhead_font_size=&#8221;20px&#8221; subhead_line_height=&#8221;1.8em&#8221; background_color=&#8221;rgba(0,0,0,0)&#8221; use_background_color_gradient=&#8221;on&#8221; background_color_gradient_stops=&#8221;#262626 20%|rgba(138,125,105,0.26) 70%&#8221; background_color_gradient_start=&#8221;#253746&#8243; background_color_gradient_start_position=&#8221;20%&#8221; background_color_gradient_end=&#8221;rgba(37,55,70,0.61)&#8221; background_color_gradient_end_position=&#8221;70%&#8221; custom_button_one=&#8221;on&#8221; button_one_text_size=&#8221;16px&#8221; button_one_text_color=&#8221;#ffffff&#8221; button_one_bg_color=&#8221;#8CA9C2&#8243; button_one_border_width=&#8221;8px&#8221; button_one_border_color=&#8221;rgba(0,0,0,0)&#8221; button_one_border_radius=&#8221;0px&#8221; button_one_letter_spacing=&#8221;3px&#8221; button_one_font=&#8221;Didact Gothic|700||on|||||&#8221; button_one_use_icon=&#8221;off&#8221; custom_button_two=&#8221;on&#8221; button_two_text_size=&#8221;16px&#8221; button_two_text_color=&#8221;#34587c&#8221; button_two_bg_color=&#8221;#ffffff&#8221; button_two_border_width=&#8221;8px&#8221; button_two_border_color=&#8221;rgba(0,0,0,0)&#8221; button_two_border_radius=&#8221;0px&#8221; button_two_letter_spacing=&#8221;3px&#8221; button_two_font=&#8221;Didact Gothic|700||on|||||&#8221; button_two_use_icon=&#8221;off&#8221; custom_padding=&#8221;10vw||6vw|||&#8221; custom_padding_tablet=&#8221;&#8221; custom_padding_phone=&#8221;||80px&#8221; custom_padding_last_edited=&#8221;on|phone&#8221; title_font_size_tablet=&#8221;40px&#8221; title_font_size_phone=&#8221;30px&#8221; title_font_size_last_edited=&#8221;on|phone&#8221; subhead_font_size_tablet=&#8221;&#8221; subhead_font_size_phone=&#8221;18px&#8221; subhead_font_size_last_edited=&#8221;on|phone&#8221; global_colors_info=&#8221;{}&#8221;][\/et_pb_fullwidth_header][\/et_pb_section][et_pb_section fb_built=&#8221;1&#8243; _builder_version=&#8221;4.18.0&#8243; _module_preset=&#8221;default&#8221; custom_padding=&#8221;50px||||false|false&#8221; global_colors_info=&#8221;{}&#8221;][et_pb_row _builder_version=&#8221;4.16&#8243; _module_preset=&#8221;default&#8221; global_colors_info=&#8221;{}&#8221;][et_pb_column type=&#8221;4_4&#8243; _builder_version=&#8221;4.16&#8243; _module_preset=&#8221;default&#8221; global_colors_info=&#8221;{}&#8221;][et_pb_blurb title=&#8221;OUR COMPANY&#8221; use_icon=&#8221;on&#8221; content_max_width=&#8221;100%&#8221; _builder_version=&#8221;4.17.3&#8243; _module_preset=&#8221;default&#8221; header_level=&#8221;h3&#8243; header_font=&#8221;|700||on|||||&#8221; header_text_align=&#8221;left&#8221; header_text_color=&#8221;#D3A856&#8243; header_font_size=&#8221;20px&#8221; custom_css_blurb_title=&#8221;font-weight: 400 !important;&#8221; global_colors_info=&#8221;{}&#8221;]<\/p>\n<p>The \u201cCompa\u00f1\u00eda Relojera Especializada para Actividades Subacu\u00e1ticas S.L.\u201d (Specialised Watchmaking Company for Underwater Activities S.L.) started as a company in Spain dedicated to bring special and historic timepieces to amateurs and collectors. Nowadays, CREPAS has recently relocated Zaragoza to continue this venture. During the last years our reputation and repercussion in \u201cniche\u201d collecting circles and online community has made our small company appreciated worldwide. Nowadays over half our sales are international. Do not hesitate to contact us for further information.<\/p>\n<p>[\/et_pb_blurb][et_pb_blurb title=&#8221;QUALITY COMMITMENT&#8221; use_icon=&#8221;on&#8221; content_max_width=&#8221;100%&#8221; _builder_version=&#8221;4.17.3&#8243; _module_preset=&#8221;default&#8221; header_level=&#8221;h3&#8243; header_font=&#8221;|700||on|||||&#8221; header_text_align=&#8221;left&#8221; header_text_color=&#8221;#D3A856&#8243; header_font_size=&#8221;20px&#8221; custom_css_blurb_title=&#8221;font-weight: 400 !important;&#8221; global_colors_info=&#8221;{}&#8221;]<\/p>\n<p>The common link between CREPAS WATCHES and TACTICO WATCHES is a commitment with customer and quality. All watches are manufactured using the last technologies while keeping in mind the most competitive price possible. Our products are targeted towards diving and aviation professionals, collectors and amateurs that expect a watch with the highest quality-price relation. We only manufacture watches with top of the line calibers.\u00a0<strong>t\u00b7a\u00b7c\u00b7t\u00b7i\u00b7c\u00b7o<\/strong>\u00a0offers a two years international guarantee. Our main after sales service departments are located in Spain, USA and Hong Kong.<\/p>\n<p>[\/et_pb_blurb][et_pb_blurb title=&#8221;THE BRAND&#8221; use_icon=&#8221;on&#8221; content_max_width=&#8221;100%&#8221; _builder_version=&#8221;4.17.3&#8243; _module_preset=&#8221;default&#8221; header_level=&#8221;h3&#8243; header_font=&#8221;|700||on|||||&#8221; header_text_align=&#8221;left&#8221; header_text_color=&#8221;#D3A856&#8243; header_font_size=&#8221;20px&#8221; custom_css_blurb_title=&#8221;font-weight: 400 !important;&#8221; global_colors_info=&#8221;{}&#8221;]<\/p>\n<p>The \u201cCompa\u00f1\u00eda Relojera Especializada para Actividades Subacu\u00e1ticas S.L.\u201d (Specialised Watchmaking Company for Underwater Activities S.L.) was launched in the summer of 2010 operating under the brand CREPAS WATCHES (www.crepaswatches.com). The aim of CREPAS is to develop professional diving watches taking as an inspiration models from the past. Watches that once set an important landmark in the watchmaking industry. After CREPAS WATCHES,\u00a0<strong>t\u00b7a\u00b7c\u00b7t\u00b7i\u00b7c\u00b7o<\/strong>\u00a0Watches was born with one sole purpose: watches inspired in historic military models, these being divers, pilot or rugged infantry watches.<\/p>\n<p>[\/et_pb_blurb][et_pb_blurb title=&#8221;OUR LINES&#8221; use_icon=&#8221;on&#8221; content_max_width=&#8221;100%&#8221; _builder_version=&#8221;4.17.3&#8243; _module_preset=&#8221;default&#8221; header_level=&#8221;h3&#8243; header_font=&#8221;|700||on|||||&#8221; header_text_align=&#8221;left&#8221; header_text_color=&#8221;#D3A856&#8243; header_font_size=&#8221;20px&#8221; custom_css_blurb_title=&#8221;font-weight: 400 !important;&#8221; global_colors_info=&#8221;{}&#8221;]<\/p>\n<ul>\n<li><strong>TC1<\/strong> develops diving watches, SEA<\/li>\n<li><strong>TC2<\/strong> develops infantry watches, LAND<\/li>\n<li><strong>TC3<\/strong> develops air force watches, AIR<\/li>\n<li><strong>COMMISSIONED<\/strong>\u00a0watches manufactured under the behalf of third parties<\/li>\n<\/ul>\n<p>[\/et_pb_blurb][\/et_pb_column][\/et_pb_row][et_pb_row _builder_version=&#8221;4.16&#8243; _module_preset=&#8221;default&#8221; global_colors_info=&#8221;{}&#8221;][et_pb_column type=&#8221;4_4&#8243; _builder_version=&#8221;4.16&#8243; _module_preset=&#8221;default&#8221; global_colors_info=&#8221;{}&#8221;][et_pb_gallery gallery_ids=&#8221;262817,262797,262725,262589,262543,262813,262741,262685,262645,262555,262527,262459,262429,262365,262501,262565&#8243; posts_number=&#8221;16&#8243; db_images_per_row=&#8221;2&#8243; db_image_max_width=&#8221;96%&#8221; db_image_row_spacing=&#8221;2%&#8221; dbdb_version=&#8221;3.8.5&#8243; show_title_and_caption=&#8221;off&#8221; show_pagination=&#8221;off&#8221; zoom_icon_color=&#8221;#FFFFFF&#8221; hover_overlay_color=&#8221;rgba(138,125,105,0.5)&#8221; hover_icon=&#8221;&#x54;||divi||400&#8243; _builder_version=&#8221;4.18.0&#8243; _module_preset=&#8221;default&#8221; hover_enabled=&#8221;0&#8243; global_colors_info=&#8221;{}&#8221; sticky_enabled=&#8221;0&#8243;][\/et_pb_gallery][\/et_pb_column][\/et_pb_row][\/et_pb_section]<\/p>\n","protected":false},"excerpt":{"rendered":"<p>The \u201cCompa\u00f1\u00eda Relojera Especializada para Actividades Subacu\u00e1ticas S.L.\u201d (Specialised Watchmaking Company for Underwater Activities S.L.) started as a company in Spain dedicated to bring special and historic timepieces to amateurs and collectors. Nowadays, CREPAS has recently relocated Zaragoza to continue this venture. During the last years our reputation and repercussion in \u201cniche\u201d collecting circles and [&hellip;]<\/p>\n","protected":false},"author":1,"featured_media":0,"parent":0,"menu_order":0,"comment_status":"closed","ping_status":"closed","template":"","meta":{"_et_pb_use_builder":"on","_et_pb_old_content":"<p>[et_pb_section fb_built=\"1\" fullwidth=\"on\" admin_label=\"Header B\" _builder_version=\"4.14.7\" background_image=\"https:\/\/tacticowatches.com\/wp-content\/uploads\/crepas-cabecera.jpg\" parallax=\"on\" collapsed=\"off\" global_colors_info=\"{}\"][et_pb_fullwidth_header title=\"@ET-DC@eyJkeW5hbWljIjp0cnVlLCJjb250ZW50IjoicG9zdF90aXRsZSIsInNldHRpbmdzIjp7ImJlZm9yZSI6IiIsImFmdGVyIjoiIn19@\" text_orientation=\"center\" button_one_url=\"#\" button_two_url=\"#\" _builder_version=\"4.14.7\" _dynamic_attributes=\"title\" title_font=\"|||on|||||\" title_font_size=\"60px\" title_line_height=\"1.3em\" content_font=\"||||||||\" content_font_size=\"16px\" content_line_height=\"2em\" subhead_font=\"Didact Gothic||||||||\" subhead_font_size=\"20px\" subhead_line_height=\"1.8em\" background_color=\"rgba(0,0,0,0)\" use_background_color_gradient=\"on\" background_color_gradient_start=\"#253746\" background_color_gradient_end=\"rgba(37,55,70,0.61)\" background_color_gradient_start_position=\"20%\" background_color_gradient_end_position=\"70%\" custom_button_one=\"on\" button_one_text_size=\"16px\" button_one_text_color=\"#ffffff\" button_one_bg_color=\"#8CA9C2\" button_one_border_width=\"8px\" button_one_border_color=\"rgba(0,0,0,0)\" button_one_border_radius=\"0px\" button_one_letter_spacing=\"3px\" button_one_font=\"Didact Gothic|700||on|||||\" button_one_use_icon=\"off\" custom_button_two=\"on\" button_two_text_size=\"16px\" button_two_text_color=\"#34587c\" button_two_bg_color=\"#ffffff\" button_two_border_width=\"8px\" button_two_border_color=\"rgba(0,0,0,0)\" button_two_border_radius=\"0px\" button_two_letter_spacing=\"3px\" button_two_font=\"Didact Gothic|700||on|||||\" button_two_use_icon=\"off\" custom_padding=\"10vw||6vw|||\" custom_padding_tablet=\"\" custom_padding_phone=\"||80px\" custom_padding_last_edited=\"on|phone\" title_font_size_tablet=\"40px\" title_font_size_phone=\"30px\" title_font_size_last_edited=\"on|phone\" subhead_font_size_tablet=\"\" subhead_font_size_phone=\"18px\" subhead_font_size_last_edited=\"on|phone\" global_colors_info=\"{}\"][\/et_pb_fullwidth_header][\/et_pb_section][et_pb_section fb_built=\"1\" _builder_version=\"4.14.7\" _module_preset=\"default\" custom_padding=\"10px||||false|false\" global_colors_info=\"{}\"][et_pb_row _builder_version=\"4.14.7\" _module_preset=\"default\" global_colors_info=\"{}\"][et_pb_column type=\"4_4\" _builder_version=\"4.7.4\" _module_preset=\"default\" global_colors_info=\"{}\"][et_pb_text _builder_version=\"4.14.7\" _module_preset=\"default\" text_line_height=\"1.8em\" global_colors_info=\"{}\"]<\/p><p>La Compa\u00f1\u00eda Relojera Especializada para Actividades Subacu\u00e1ticas S.L., <strong>CREPAS, se funda con la misi\u00f3n de desarrollar relojes de buceo profesional<\/strong>, tomando como inspiraci\u00f3n modelos del pasado que marcaron un importante avance, hito o \u00e9xito, y que actualmente no est\u00e9n en producci\u00f3n. Utilizando para ello las \u00faltimas tecnolog\u00edas, materiales y avances de la industria relojera.<\/p><p><strong>Cada dise\u00f1o debe ser lo m\u00e1s funcional y ergon\u00f3mico posible, pudi\u00e9ndose llevar tanto en su \u00e1mbito acu\u00e1tico como en uso diario<\/strong>. Los tama\u00f1os no exceder\u00e1n de los 45mm, haciendo su uso accesible a la mayor\u00eda de las mu\u00f1ecas. La fabricaci\u00f3n sigue un riguroso standard de control de calidad en cada una de las fases del proceso de manufacturaci\u00f3n, empezando con el dise\u00f1o y terminando con el empaquetado del reloj para su presentaci\u00f3n al cliente. <strong>Nuestros relojes van destinados a profesionales, coleccionistas y aficionados al buceo<\/strong> que deseen un reloj con look cl\u00e1sico pero construido con la \u00faltima tecnolog\u00eda, a unos precios competitivos y siempre con la exclusividad de ser series limitadas. S\u00f3lo fabricamos relojes de buceo autom\u00e1ticos con maquinaria suiza y los mejores materiales disponibles.<\/p><p><strong>CREPAS ofrece dos a\u00f1os de garant\u00eda internacional<\/strong> ante defectos de fabricaci\u00f3n. Ponemos a disposici\u00f3n de nuestros clientes un servicio t\u00e9cnico concertado en USA as\u00ed como en Espa\u00f1a.<\/p><p>La Compa\u00f1\u00eda Relojera se localiza en Espa\u00f1a, inicialmente en M\u00e1laga y actualmente en Zaragoza. Sus promotores son coleccionistas y amantes de los relojes de buceo cl\u00e1sicos.<\/p><p>Desde los inicios all\u00e1 en 2010, se ha producido un modelo por a\u00f1o, independientemente de los modelos realizados por encargo o en colaboraci\u00f3n con grupos (foros, perfiles FB o blogs).<\/p><p><strong>La ediciones limitadas se encuentran actualmente entre las 400 y 500 piezas, no volvi\u00e9ndose a comercializar el modelo una vez agotado.<\/strong><\/p><p>[\/et_pb_text][\/et_pb_column][\/et_pb_row][et_pb_row _builder_version=\"4.14.7\" _module_preset=\"default\" global_colors_info=\"{}\"][et_pb_column type=\"4_4\" _builder_version=\"4.14.7\" _module_preset=\"default\" global_colors_info=\"{}\"][et_pb_gallery gallery_ids=\"261414,261415,261421,261422,261423,261424,261425,261426,261427,261428,261429,261430,261431,261432,261433\" posts_number=\"16\" db_images_per_row=\"2\" db_image_max_width=\"96%\" db_image_row_spacing=\"2%\" dbdb_version=\"3.7.3\" show_title_and_caption=\"off\" show_pagination=\"off\" zoom_icon_color=\"#FFFFFF\" hover_overlay_color=\"rgba(140,169,194,0.5)\" hover_icon=\"T||divi||400\" _builder_version=\"4.14.7\" _module_preset=\"default\" global_colors_info=\"{}\"][\/et_pb_gallery][\/et_pb_column][\/et_pb_row][\/et_pb_section]<\/p>","_et_gb_content_width":""},"yoast_head":"<!-- This site is optimized with the Yoast SEO plugin v21.8.1 - https:\/\/yoast.com\/wordpress\/plugins\/seo\/ -->\n<title>t\u00b7a\u00b7c\u00b7t\u00b7i\u00b7c\u00b7o - t\u00b7a\u00b7c\u00b7t\u00b7i\u00b7c\u00b7o<\/title>\n<meta name=\"robots\" content=\"index, follow, max-snippet:-1, max-image-preview:large, max-video-preview:-1\" \/>\n<link rel=\"canonical\" href=\"https:\/\/tacticowatches.com\/en\/t%c2%b7a%c2%b7c%c2%b7t%c2%b7i%c2%b7c%c2%b7o\/\" \/>\n<meta property=\"og:locale\" content=\"en_US\" \/>\n<meta property=\"og:type\" content=\"article\" \/>\n<meta property=\"og:title\" content=\"t\u00b7a\u00b7c\u00b7t\u00b7i\u00b7c\u00b7o - t\u00b7a\u00b7c\u00b7t\u00b7i\u00b7c\u00b7o\" \/>\n<meta property=\"og:description\" content=\"The \u201cCompa\u00f1\u00eda Relojera Especializada para Actividades Subacu\u00e1ticas S.L.\u201d (Specialised Watchmaking Company for Underwater Activities S.L.) started as a company in Spain dedicated to bring special and historic timepieces to amateurs and collectors. Nowadays, CREPAS has recently relocated Zaragoza to continue this venture. During the last years our reputation and repercussion in \u201cniche\u201d collecting circles and [&hellip;]\" \/>\n<meta property=\"og:url\" content=\"https:\/\/tacticowatches.com\/en\/t%c2%b7a%c2%b7c%c2%b7t%c2%b7i%c2%b7c%c2%b7o\/\" \/>\n<meta property=\"og:site_name\" content=\"t\u00b7a\u00b7c\u00b7t\u00b7i\u00b7c\u00b7o\" \/>\n<meta property=\"article:modified_time\" content=\"2022-08-25T17:40:34+00:00\" \/>\n<meta name=\"twitter:card\" content=\"summary_large_image\" \/>\n<meta name=\"twitter:label1\" content=\"Est. reading time\" \/>\n\t<meta name=\"twitter:data1\" content=\"3 minutes\" \/>\n<script type=\"application\/ld+json\" class=\"yoast-schema-graph\">{\"@context\":\"https:\/\/schema.org\",\"@graph\":[{\"@type\":\"WebPage\",\"@id\":\"https:\/\/tacticowatches.com\/en\/t%c2%b7a%c2%b7c%c2%b7t%c2%b7i%c2%b7c%c2%b7o\/\",\"url\":\"https:\/\/tacticowatches.com\/en\/t%c2%b7a%c2%b7c%c2%b7t%c2%b7i%c2%b7c%c2%b7o\/\",\"name\":\"t\u00b7a\u00b7c\u00b7t\u00b7i\u00b7c\u00b7o - t\u00b7a\u00b7c\u00b7t\u00b7i\u00b7c\u00b7o\",\"isPartOf\":{\"@id\":\"https:\/\/tacticowatches.com\/en\/#website\"},\"datePublished\":\"2022-02-09T10:10:07+00:00\",\"dateModified\":\"2022-08-25T17:40:34+00:00\",\"breadcrumb\":{\"@id\":\"https:\/\/tacticowatches.com\/en\/t%c2%b7a%c2%b7c%c2%b7t%c2%b7i%c2%b7c%c2%b7o\/#breadcrumb\"},\"inLanguage\":\"en-US\",\"potentialAction\":[{\"@type\":\"ReadAction\",\"target\":[\"https:\/\/tacticowatches.com\/en\/t%c2%b7a%c2%b7c%c2%b7t%c2%b7i%c2%b7c%c2%b7o\/\"]}]},{\"@type\":\"BreadcrumbList\",\"@id\":\"https:\/\/tacticowatches.com\/en\/t%c2%b7a%c2%b7c%c2%b7t%c2%b7i%c2%b7c%c2%b7o\/#breadcrumb\",\"itemListElement\":[{\"@type\":\"ListItem\",\"position\":1,\"name\":\"Portada\",\"item\":\"https:\/\/tacticowatches.com\/en\/home\/\"},{\"@type\":\"ListItem\",\"position\":2,\"name\":\"t\u00b7a\u00b7c\u00b7t\u00b7i\u00b7c\u00b7o\"}]},{\"@type\":\"WebSite\",\"@id\":\"https:\/\/tacticowatches.com\/en\/#website\",\"url\":\"https:\/\/tacticowatches.com\/en\/\",\"name\":\"t\u00b7a\u00b7c\u00b7t\u00b7i\u00b7c\u00b7o\",\"description\":\"t\u00b7a\u00b7c\u00b7t\u00b7i\u00b7c\u00b7o watches |\u00a0Breaking rules defying boundaries\u2026\",\"potentialAction\":[{\"@type\":\"SearchAction\",\"target\":{\"@type\":\"EntryPoint\",\"urlTemplate\":\"https:\/\/tacticowatches.com\/en\/?s={search_term_string}\"},\"query-input\":\"required name=search_term_string\"}],\"inLanguage\":\"en-US\"}]}<\/script>\n<!-- \/ Yoast SEO plugin. -->","yoast_head_json":{"title":"t\u00b7a\u00b7c\u00b7t\u00b7i\u00b7c\u00b7o - t\u00b7a\u00b7c\u00b7t\u00b7i\u00b7c\u00b7o","robots":{"index":"index","follow":"follow","max-snippet":"max-snippet:-1","max-image-preview":"max-image-preview:large","max-video-preview":"max-video-preview:-1"},"canonical":"https:\/\/tacticowatches.com\/en\/t%c2%b7a%c2%b7c%c2%b7t%c2%b7i%c2%b7c%c2%b7o\/","og_locale":"en_US","og_type":"article","og_title":"t\u00b7a\u00b7c\u00b7t\u00b7i\u00b7c\u00b7o - t\u00b7a\u00b7c\u00b7t\u00b7i\u00b7c\u00b7o","og_description":"The \u201cCompa\u00f1\u00eda Relojera Especializada para Actividades Subacu\u00e1ticas S.L.\u201d (Specialised Watchmaking Company for Underwater Activities S.L.) started as a company in Spain dedicated to bring special and historic timepieces to amateurs and collectors. Nowadays, CREPAS has recently relocated Zaragoza to continue this venture. During the last years our reputation and repercussion in \u201cniche\u201d collecting circles and [&hellip;]","og_url":"https:\/\/tacticowatches.com\/en\/t%c2%b7a%c2%b7c%c2%b7t%c2%b7i%c2%b7c%c2%b7o\/","og_site_name":"t\u00b7a\u00b7c\u00b7t\u00b7i\u00b7c\u00b7o","article_modified_time":"2022-08-25T17:40:34+00:00","twitter_card":"summary_large_image","twitter_misc":{"Est. reading time":"3 minutes"},"schema":{"@context":"https:\/\/schema.org","@graph":[{"@type":"WebPage","@id":"https:\/\/tacticowatches.com\/en\/t%c2%b7a%c2%b7c%c2%b7t%c2%b7i%c2%b7c%c2%b7o\/","url":"https:\/\/tacticowatches.com\/en\/t%c2%b7a%c2%b7c%c2%b7t%c2%b7i%c2%b7c%c2%b7o\/","name":"t\u00b7a\u00b7c\u00b7t\u00b7i\u00b7c\u00b7o - t\u00b7a\u00b7c\u00b7t\u00b7i\u00b7c\u00b7o","isPartOf":{"@id":"https:\/\/tacticowatches.com\/en\/#website"},"datePublished":"2022-02-09T10:10:07+00:00","dateModified":"2022-08-25T17:40:34+00:00","breadcrumb":{"@id":"https:\/\/tacticowatches.com\/en\/t%c2%b7a%c2%b7c%c2%b7t%c2%b7i%c2%b7c%c2%b7o\/#breadcrumb"},"inLanguage":"en-US","potentialAction":[{"@type":"ReadAction","target":["https:\/\/tacticowatches.com\/en\/t%c2%b7a%c2%b7c%c2%b7t%c2%b7i%c2%b7c%c2%b7o\/"]}]},{"@type":"BreadcrumbList","@id":"https:\/\/tacticowatches.com\/en\/t%c2%b7a%c2%b7c%c2%b7t%c2%b7i%c2%b7c%c2%b7o\/#breadcrumb","itemListElement":[{"@type":"ListItem","position":1,"name":"Portada","item":"https:\/\/tacticowatches.com\/en\/home\/"},{"@type":"ListItem","position":2,"name":"t\u00b7a\u00b7c\u00b7t\u00b7i\u00b7c\u00b7o"}]},{"@type":"WebSite","@id":"https:\/\/tacticowatches.com\/en\/#website","url":"https:\/\/tacticowatches.com\/en\/","name":"t\u00b7a\u00b7c\u00b7t\u00b7i\u00b7c\u00b7o","description":"t\u00b7a\u00b7c\u00b7t\u00b7i\u00b7c\u00b7o watches |\u00a0Breaking rules defying boundaries\u2026","potentialAction":[{"@type":"SearchAction","target":{"@type":"EntryPoint","urlTemplate":"https:\/\/tacticowatches.com\/en\/?s={search_term_string}"},"query-input":"required name=search_term_string"}],"inLanguage":"en-US"}]}},"_links":{"self":[{"href":"https:\/\/tacticowatches.com\/en\/wp-json\/wp\/v2\/pages\/261930"}],"collection":[{"href":"https:\/\/tacticowatches.com\/en\/wp-json\/wp\/v2\/pages"}],"about":[{"href":"https:\/\/tacticowatches.com\/en\/wp-json\/wp\/v2\/types\/page"}],"author":[{"embeddable":true,"href":"https:\/\/tacticowatches.com\/en\/wp-json\/wp\/v2\/users\/1"}],"replies":[{"embeddable":true,"href":"https:\/\/tacticowatches.com\/en\/wp-json\/wp\/v2\/comments?post=261930"}],"version-history":[{"count":10,"href":"https:\/\/tacticowatches.com\/en\/wp-json\/wp\/v2\/pages\/261930\/revisions"}],"predecessor-version":[{"id":263947,"href":"https:\/\/tacticowatches.com\/en\/wp-json\/wp\/v2\/pages\/261930\/revisions\/263947"}],"wp:attachment":[{"href":"https:\/\/tacticowatches.com\/en\/wp-json\/wp\/v2\/media?parent=261930"}],"curies":[{"name":"wp","href":"https:\/\/api.w.org\/{rel}","templated":true}]}}